{"id":1134,"date":"2020-11-11T19:21:19","date_gmt":"2020-11-11T22:21:19","guid":{"rendered":"https:\/\/isslucia-crr.infd.edu.ar\/sitio\/?page_id=1134"},"modified":"2025-09-25T21:38:54","modified_gmt":"2025-09-26T00:38:54","slug":"tecnicatura-superior-en-higiene-y-seguridad-en-el-trabajo","status":"publish","type":"page","link":"https:\/\/isslucia-crr.infd.edu.ar\/sitio\/tecnicatura-superior-en-higiene-y-seguridad-en-el-trabajo\/","title":{"rendered":"Tecnicatura Superior en Producci\u00f3n Frutihorticola"},"content":{"rendered":"<h1 style=\"text-align: center;\">Plan de Estudio<\/h1>\n<table width=\"614\">\n<tbody>\n<tr>\n<td colspan=\"5\" width=\"614\"><strong>1 <sup>er<\/sup> A\u00f1o<\/strong><\/td>\n<\/tr>\n<tr>\n<td width=\"36\"><strong>\u00a0<\/strong><\/td>\n<td width=\"293\"><strong>Unidad Curricular<\/strong><\/td>\n<td width=\"97\"><strong>R\u00e9gimen<\/strong><\/td>\n<td width=\"85\"><strong>Formato<\/strong><\/td>\n<td width=\"104\"><strong>Horas Did\u00e1ctica<\/strong><\/td>\n<\/tr>\n<tr>\n<td width=\"36\"><strong>1<\/strong><\/td>\n<td width=\"293\">RELACI\u00d3N ESTADO Y SOCIEDAD<\/td>\n<td width=\"97\">Cuatrimestral<\/td>\n<td width=\"85\">\u00a0<\/td>\n<td width=\"104\">4 horas<\/td>\n<\/tr>\n<tr>\n<td width=\"36\"><strong>2<\/strong><\/td>\n<td width=\"293\">MORFOFISIOLOG\u00cdA ANIMAL<\/td>\n<td width=\"97\">Anual<\/td>\n<td width=\"85\">\u00a0<\/td>\n<td width=\"104\">5 horas<\/td>\n<\/tr>\n<tr>\n<td width=\"36\"><strong>3<\/strong><\/td>\n<td width=\"293\">CULTURA Y COMUNICACI\u00d3N CONTEMPOR\u00c1NEA<\/td>\n<td width=\"97\">Cuatrimestral<\/td>\n<td width=\"85\">\u00a0<\/td>\n<td width=\"104\">4 horas<\/td>\n<\/tr>\n<tr>\n<td width=\"36\"><strong>4<\/strong><\/td>\n<td width=\"293\">MORFOFISIOLOG\u00cdA VEGETAL<\/td>\n<td width=\"97\">Anual<\/td>\n<td width=\"85\">\u00a0<\/td>\n<td width=\"104\">5 horas<\/td>\n<\/tr>\n<tr>\n<td width=\"36\"><strong>5<\/strong><\/td>\n<td width=\"293\">SOCIOLOG\u00cdA Y ECONOM\u00cdA AGRARIA<\/td>\n<td width=\"97\">Cuatrimestral<\/td>\n<td width=\"85\">\u00a0<\/td>\n<td width=\"104\">4 horas<\/td>\n<\/tr>\n<tr>\n<td width=\"36\"><strong>6<\/strong><\/td>\n<td width=\"293\">F\u00cdSICO-QU\u00cdMICA<\/td>\n<td width=\"97\">Anual<\/td>\n<td width=\"85\">\u00a0<\/td>\n<td width=\"104\">4 horas<\/td>\n<\/tr>\n<tr>\n<td width=\"36\"><strong>7<\/strong><\/td>\n<td width=\"293\">MATEM\u00c1TICA Y ESTAD\u00cdSTICA APLICADA<\/td>\n<td width=\"97\">Anual<\/td>\n<td width=\"85\">\u00a0<\/td>\n<td width=\"104\">4 horas<\/td>\n<\/tr>\n<tr>\n<td width=\"36\"><strong>8<\/strong><\/td>\n<td width=\"293\">INFORM\u00c1TICA APLICADA Y TICS<\/td>\n<td width=\"97\">Anual<\/td>\n<td width=\"85\">\u00a0<\/td>\n<td width=\"104\">4 horas<\/td>\n<\/tr>\n<tr>\n<td width=\"36\"><strong>9<\/strong><\/td>\n<td width=\"293\">PR\u00c1CTICA PROFESIONALIZANTE I<\/td>\n<td width=\"97\">Cuatrimestral<\/td>\n<td width=\"85\">\u00a0<\/td>\n<td width=\"104\">4 horas<\/td>\n<\/tr>\n<\/tbody>\n<\/table>\n<table width=\"614\">\n<tbody>\n<tr>\n<td colspan=\"5\" width=\"614\"><strong>2<sup>do<\/sup> A\u00f1o<\/strong><\/td>\n<\/tr>\n<tr>\n<td width=\"38\"><strong>\u00a0<\/strong><\/td>\n<td width=\"293\"><strong>Unidad Curricular<\/strong><\/td>\n<td width=\"104\"><strong>R\u00e9gimen<\/strong><\/td>\n<td width=\"76\"><strong>Formato<\/strong><\/td>\n<td width=\"104\"><strong>Horas Did\u00e1ctica<\/strong><\/td>\n<\/tr>\n<tr>\n<td width=\"38\"><strong>11<\/strong><\/td>\n<td width=\"293\">Ingl\u00e9s T\u00e9cnico<\/td>\n<td width=\"104\">Cuatrimestral<\/td>\n<td width=\"76\">Materia<\/td>\n<td width=\"104\">4 horas<\/td>\n<\/tr>\n<tr>\n<td width=\"38\"><strong>12<\/strong><\/td>\n<td width=\"293\">Seguridad Social<\/td>\n<td width=\"104\">Cuatrimestral<\/td>\n<td width=\"76\">Materia<\/td>\n<td width=\"104\">5 horas<\/td>\n<\/tr>\n<tr>\n<td width=\"38\"><strong>13<\/strong><\/td>\n<td width=\"293\">Organizaci\u00f3n y Normativa<\/td>\n<td width=\"104\">Cuatrimestral<\/td>\n<td width=\"76\">Materia<\/td>\n<td width=\"104\">6 horas<\/td>\n<\/tr>\n<tr>\n<td width=\"38\"><strong>14<\/strong><\/td>\n<td width=\"293\">Dibujo T\u00e9cnico Asistido por Computadora<\/td>\n<td width=\"104\">Cuatrimestral<\/td>\n<td width=\"76\">Materia<\/td>\n<td width=\"104\">6 horas<\/td>\n<\/tr>\n<tr>\n<td width=\"38\"><strong>15<\/strong><\/td>\n<td width=\"293\">Administraci\u00f3n del Personal<\/td>\n<td width=\"104\">Cuatrimestral<\/td>\n<td width=\"76\">Materia<\/td>\n<td width=\"104\">4 horas<\/td>\n<\/tr>\n<tr>\n<td width=\"38\"><strong>16<\/strong><\/td>\n<td width=\"293\">Higiene y Seguridad II<\/td>\n<td width=\"104\">Anual<\/td>\n<td width=\"76\">Materia<\/td>\n<td width=\"104\">5 horas<\/td>\n<\/tr>\n<tr>\n<td width=\"38\"><strong>17<\/strong><\/td>\n<td width=\"293\">Medicina Laboral y Primeros Auxilios<\/td>\n<td width=\"104\">Cuatrimestral<\/td>\n<td width=\"76\">Materia<\/td>\n<td width=\"104\">6 horas<\/td>\n<\/tr>\n<tr>\n<td width=\"38\"><strong>18<\/strong><\/td>\n<td width=\"293\">Servicios de Infraestructura<\/td>\n<td width=\"104\">Cuatrimestral<\/td>\n<td width=\"76\">Materia<\/td>\n<td width=\"104\">6 horas<\/td>\n<\/tr>\n<tr>\n<td width=\"38\"><strong>19<\/strong><\/td>\n<td width=\"293\">Aspectos Higi\u00e9nicos y Ambientales<\/td>\n<td width=\"104\">Cuatrimestral<\/td>\n<td width=\"76\">Materia<\/td>\n<td width=\"104\">6 horas<\/td>\n<\/tr>\n<tr>\n<td width=\"38\"><strong>20<\/strong><\/td>\n<td width=\"293\">Prevenci\u00f3n en Instalaciones Especiales<\/td>\n<td width=\"104\">Cuatrimestral<\/td>\n<td width=\"76\">Materia<\/td>\n<td width=\"104\">6 horas<\/td>\n<\/tr>\n<tr>\n<td width=\"38\"><strong>21<\/strong><\/td>\n<td width=\"293\">Pr\u00e1ctica Profesional I<\/td>\n<td width=\"104\">Cuatrimestral<\/td>\n<td width=\"76\">Taller<\/td>\n<td width=\"104\">6 horas<\/td>\n<\/tr>\n<\/tbody>\n<\/table>\n<table width=\"614\">\n<tbody>\n<tr>\n<td colspan=\"5\" width=\"614\"><strong>3<sup>ro<\/sup> A\u00f1o<\/strong><\/td>\n<\/tr>\n<tr>\n<td width=\"38\"><strong>\u00a0<\/strong><\/td>\n<td width=\"293\"><strong>Unidad Curricular<\/strong><\/td>\n<td width=\"104\"><strong>R\u00e9gimen<\/strong><\/td>\n<td width=\"76\"><strong>Formato<\/strong><\/td>\n<td width=\"104\"><strong>Horas Did\u00e1ctica<\/strong><\/td>\n<\/tr>\n<tr>\n<td width=\"38\"><strong>22<\/strong><\/td>\n<td width=\"293\">Lenguaje y Comunicaci\u00f3n T\u00e9cnica<\/td>\n<td width=\"104\">Cuatrimestral<\/td>\n<td width=\"76\">Materia<\/td>\n<td width=\"104\">5 horas<\/td>\n<\/tr>\n<tr>\n<td width=\"38\"><strong>23<\/strong><\/td>\n<td width=\"293\">Prevenci\u00f3n Contra Incendios<\/td>\n<td width=\"104\">Cuatrimestral<\/td>\n<td width=\"76\">Materia<\/td>\n<td width=\"104\">6 horas<\/td>\n<\/tr>\n<tr>\n<td width=\"38\"><strong>24<\/strong><\/td>\n<td width=\"293\">Aspectos Preventivos<\/td>\n<td width=\"104\">Cuatrimestral<\/td>\n<td width=\"76\">Materia<\/td>\n<td width=\"104\">6 horas<\/td>\n<\/tr>\n<tr>\n<td width=\"38\"><strong>25<\/strong><\/td>\n<td width=\"293\">Acciones Seguras en el Trabajo<\/td>\n<td width=\"104\">Cuatrimestral<\/td>\n<td width=\"76\">Materia<\/td>\n<td width=\"104\">6 horas<\/td>\n<\/tr>\n<tr>\n<td width=\"38\"><strong>26<\/strong><\/td>\n<td width=\"293\">Pr\u00e1ctica Profesional II<\/td>\n<td width=\"104\">Anual<\/td>\n<td width=\"76\">Taller<\/td>\n<td width=\"104\">7 horas<\/td>\n<\/tr>\n<tr>\n<td width=\"38\"><strong>27<\/strong><\/td>\n<td width=\"293\">Legislaci\u00f3n Laboral<\/td>\n<td width=\"104\">Cuatrimestral<\/td>\n<td width=\"76\">Materia<\/td>\n<td width=\"104\">5 horas<\/td>\n<\/tr>\n<tr>\n<td width=\"38\"><strong>28<\/strong><\/td>\n<td width=\"293\">Din\u00e1mica Interpersonal<\/td>\n<td width=\"104\">Cuatrimestral<\/td>\n<td width=\"76\">Materia<\/td>\n<td width=\"104\">5 horas<\/td>\n<\/tr>\n<tr>\n<td width=\"38\"><strong>29<\/strong><\/td>\n<td width=\"293\">Proyecto Final<\/td>\n<td width=\"104\">Cuatrimestral<\/td>\n<td width=\"76\">Taller<\/td>\n<td width=\"104\">6 horas<\/td>\n<\/tr>\n<tr>\n<td width=\"38\"><strong>30<\/strong><\/td>\n<td width=\"293\">\u00c9tica y Deontolog\u00eda Profesional<\/td>\n<td width=\"104\">Cuatrimestral<\/td>\n<td width=\"76\">Materia<\/td>\n<td width=\"104\">4 horas<\/td>\n<\/tr>\n<\/tbody>\n<\/table>\n\n<a class=\"wp-block-read-more\" href=\"https:\/\/isslucia-crr.infd.edu.ar\/sitio\/tecnicatura-superior-en-higiene-y-seguridad-en-el-trabajo\/\" target=\"_self\">http:\/\/dgescorrientes.net\/curriculares<span class=\"screen-reader-text\">: Tecnicatura Superior en Producci\u00f3n Frutihorticola<\/span><\/a>","protected":false},"excerpt":{"rendered":"<p>Plan de Estudio 1 er A\u00f1o \u00a0 Unidad Curricular R\u00e9gimen Formato Horas Did\u00e1ctica 1 RELACI\u00d3N ESTADO Y SOCIEDAD Cuatrimestral \u00a0 4 horas 2 MORFOFISIOLOG\u00cdA ANIMAL Anual \u00a0 5 horas 3 CULTURA Y COMUNICACI\u00d3N CONTEMPOR\u00c1NEA Cuatrimestral \u00a0 4 horas 4 MORFOFISIOLOG\u00cdA VEGETAL Anual \u00a0 5 horas 5 SOCIOLOG\u00cdA Y ECONOM\u00cdA AGRARIA Cuatrimestral \u00a0 4 horas 6 &#8230; <a title=\"Tecnicatura Superior en Producci\u00f3n Frutihorticola\" class=\"read-more\" href=\"https:\/\/isslucia-crr.infd.edu.ar\/sitio\/tecnicatura-superior-en-higiene-y-seguridad-en-el-trabajo\/\" aria-label=\"More on Tecnicatura Superior en Producci\u00f3n Frutihorticola\">[+]<\/a><\/p>\n","protected":false},"author":12,"featured_media":0,"parent":0,"menu_order":0,"comment_status":"closed","ping_status":"closed","template":"","meta":[],"acf":[],"_links":{"self":[{"href":"https:\/\/isslucia-crr.infd.edu.ar\/sitio\/wp-json\/wp\/v2\/pages\/1134"}],"collection":[{"href":"https:\/\/isslucia-crr.infd.edu.ar\/sitio\/wp-json\/wp\/v2\/pages"}],"about":[{"href":"https:\/\/isslucia-crr.infd.edu.ar\/sitio\/wp-json\/wp\/v2\/types\/page"}],"author":[{"embeddable":true,"href":"https:\/\/isslucia-crr.infd.edu.ar\/sitio\/wp-json\/wp\/v2\/users\/12"}],"replies":[{"embeddable":true,"href":"https:\/\/isslucia-crr.infd.edu.ar\/sitio\/wp-json\/wp\/v2\/comments?post=1134"}],"version-history":[{"count":6,"href":"https:\/\/isslucia-crr.infd.edu.ar\/sitio\/wp-json\/wp\/v2\/pages\/1134\/revisions"}],"predecessor-version":[{"id":1383,"href":"https:\/\/isslucia-crr.infd.edu.ar\/sitio\/wp-json\/wp\/v2\/pages\/1134\/revisions\/1383"}],"wp:attachment":[{"href":"https:\/\/isslucia-crr.infd.edu.ar\/sitio\/wp-json\/wp\/v2\/media?parent=1134"}],"curies":[{"name":"wp","href":"https:\/\/api.w.org\/{rel}","templated":true}]}}