{"id":1159,"date":"2022-11-14T20:54:58","date_gmt":"2022-11-14T23:54:58","guid":{"rendered":"https:\/\/isslucia-crr.infd.edu.ar\/sitio\/?page_id=1159"},"modified":"2025-10-01T19:48:34","modified_gmt":"2025-10-01T22:48:34","slug":"sede","status":"publish","type":"page","link":"https:\/\/isslucia-crr.infd.edu.ar\/sitio\/sede\/","title":{"rendered":"Sede Santa Luc\u00eda"},"content":{"rendered":"\n<style>\n.boton3d {\n  display: flex;\n  align-items: center;\n  justify-content: flex-start;\n  width: 300px;\n  padding: 12px 20px;\n  margin: 10px auto;\n  font-weight: bold;\n  text-decoration: none;\n  border-radius: 8px;\n  color: #fff;\n  background: #28a745; \/* verde *\/\n  transition: all 0.2s ease-in-out;\n  box-shadow: 0 5px 0 rgba(0,0,0,0.3);\n}\n\n.boton3d img {\n  width: 40px;\n  height: 40px;\n  margin-right: 12px;\n  border-radius: 5px;\n  object-fit: cover;\n}\n\n.boton3d:hover {\n  transform: translateY(-3px);\n  box-shadow: 0 8px 0 rgba(0,0,0,0.3);\n}\n\n.boton3d:active {\n  transform: translateY(5px) scale(0.95);\n  box-shadow: 0 2px 0 rgba(0,0,0,0.3);\n  border-radius: 50px;\n}\n<\/style>\n\n<div style=\"text-align:center; margin:20px 0;\">\n\n  <a href=\"https:\/\/isslucia-crr.infd.edu.ar\/sitio\/profesorado-en-educacion-inicial\/\" class=\"boton3d\">\n    <img decoding=\"async\" src=\"https:\/\/sdmntprwestus2.oaiusercontent.com\/files\/00000000-9f6c-61f8-b5c6-35d3b2b51b2f\/raw?se=2025-10-01T23%3A20%3A57Z&#038;sp=r&#038;sv=2024-08-04&#038;sr=b&#038;scid=daa34584-06ea-5c6e-a508-67a51d89d4e9&#038;skoid=1e6af1bf-6b08-4a04-8919-15773e7e7024&#038;sktid=a48cca56-e6da-484e-a814-9c849652bcb3&#038;skt=2025-10-01T19%3A28%3A35Z&#038;ske=2025-10-02T19%3A28%3A35Z&#038;sks=b&#038;skv=2024-08-04&#038;sig=4A9iECBNc7hoV3nBQ3pkgS4awHusYqsN1ggq48YhGt0%3D\" alt=\"Educaci\u00f3n Inicial\">\n    Profesorado en Educaci\u00f3n Inicial\n  <\/a>\n\n  <a href=\"https:\/\/isslucia-crr.infd.edu.ar\/sitio\/profesorado-de-educacion-primaria\/\" class=\"boton3d\">\n    <img decoding=\"async\" src=\"https:\/\/sdmntprwestus.oaiusercontent.com\/files\/00000000-5a48-6230-92c3-62ef1d631e16\/raw?se=2025-10-01T23%3A26%3A34Z&#038;sp=r&#038;sv=2024-08-04&#038;sr=b&#038;scid=9a7a9008-740a-5250-9587-43f321b897de&#038;skoid=1e6af1bf-6b08-4a04-8919-15773e7e7024&#038;sktid=a48cca56-e6da-484e-a814-9c849652bcb3&#038;skt=2025-10-01T19%3A30%3A19Z&#038;ske=2025-10-02T19%3A30%3A19Z&#038;sks=b&#038;skv=2024-08-04&#038;sig=9F4kQy9zOtP4p4mAkhGUweOTojg\/dFDHsBx2rTvJmUI%3D\" alt=\"Lengua y Literatura\">\n    Profesorado de Educaci\u00f3n Secundaria en Lengua y Literatura\n  <\/a>\n\n  <a href=\"https:\/\/isslucia-crr.infd.edu.ar\/sitio\/profesorado-de-educacion-secundaria-en-cs-de-la-administracion\/\" class=\"boton3d\">\n    <img decoding=\"async\" src=\"https:\/\/sdmntprwestus.oaiusercontent.com\/files\/00000000-d2b4-6230-b278-f9e7cf23f010\/raw?se=2025-10-01T23%3A35%3A29Z&#038;sp=r&#038;sv=2024-08-04&#038;sr=b&#038;scid=3c87b389-e0e0-5591-9c2a-1e5dd3bb0051&#038;skoid=1e6af1bf-6b08-4a04-8919-15773e7e7024&#038;sktid=a48cca56-e6da-484e-a814-9c849652bcb3&#038;skt=2025-10-01T19%3A30%3A14Z&#038;ske=2025-10-02T19%3A30%3A14Z&#038;sks=b&#038;skv=2024-08-04&#038;sig=6ViSsmtSKlNVz4mXnXIT%2BEh\/yuO%2Bk4EUUnxY1%2Bmd8T0%3D\" alt=\"Matem\u00e1tica\">\n    Profesorado de Educaci\u00f3n Secundaria en Matem\u00e1tica\n  <\/a>\n\n  <a href=\"https:\/\/isslucia-crr.infd.edu.ar\/sitio\/tecnicatura-superior-en-enfermeria\/\" class=\"boton3d\">\n    <img decoding=\"async\" src=\"https:\/\/sdmntprwestus.oaiusercontent.com\/files\/00000000-5d5c-6230-a772-1a8a608de1ff\/raw?se=2025-10-01T23%3A37%3A54Z&#038;sp=r&#038;sv=2024-08-04&#038;sr=b&#038;scid=4421fe7d-07d8-51d7-b0bf-1a685d728f87&#038;skoid=1e6af1bf-6b08-4a04-8919-15773e7e7024&#038;sktid=a48cca56-e6da-484e-a814-9c849652bcb3&#038;skt=2025-10-01T19%3A27%3A51Z&#038;ske=2025-10-02T19%3A27%3A51Z&#038;sks=b&#038;skv=2024-08-04&#038;sig=87i31pv9XqcTy24FUbbvMAcjoFZFseIxbRH0tu0T0Nc%3D\" alt=\"Enfermer\u00eda\">\n    Tecnicatura Superior en Enfermer\u00eda\n  <\/a>\n\n  <a href=\"https:\/\/isslucia-crr.infd.edu.ar\/sitio\/formacion-continua\/\" class=\"boton3d\">\n    <https:\/\/sdmntprwestus.oaiusercontent.com\/files\/00000000-1064-6230-9315-383f5ac640cb\/raw?se=2025-10-01T23%3A41%3A02Z&#038;sp=r&#038;sv=2024-08-04&#038;sr=b&#038;scid=f511e294-1246-5133-b18b-adfcc30958b3&#038;skoid=1e6af1bf-6b08-4a04-8919-15773e7e7024&#038;sktid=a48cca56-e6da-484e-a814-9c849652bcb3&#038;skt=2025-10-01T19%3A29%3A38Z&#038;ske=2025-10-02T19%3A29%3A38Z&#038;sks=b&#038;skv=2024-08-04&#038;sig=dLURf88ZUxxQdaeuiYwYi1rVwTNGzo0xwxVO1GEcPo8%3D\" alt=\"Formaci\u00f3n Continua\">\n    Formaci\u00f3n Continua\n  <\/a>\n\n<\/div>\n\n","protected":false},"excerpt":{"rendered":"<p>Profesorado en Educaci\u00f3n Inicial Profesorado de Educaci\u00f3n Secundaria en Lengua y Literatura Profesorado de Educaci\u00f3n Secundaria en Matem\u00e1tica Tecnicatura Superior en Enfermer\u00eda<\/p>\n","protected":false},"author":12,"featured_media":0,"parent":0,"menu_order":0,"comment_status":"closed","ping_status":"closed","template":"","meta":[],"acf":[],"_links":{"self":[{"href":"https:\/\/isslucia-crr.infd.edu.ar\/sitio\/wp-json\/wp\/v2\/pages\/1159"}],"collection":[{"href":"https:\/\/isslucia-crr.infd.edu.ar\/sitio\/wp-json\/wp\/v2\/pages"}],"about":[{"href":"https:\/\/isslucia-crr.infd.edu.ar\/sitio\/wp-json\/wp\/v2\/types\/page"}],"author":[{"embeddable":true,"href":"https:\/\/isslucia-crr.infd.edu.ar\/sitio\/wp-json\/wp\/v2\/users\/12"}],"replies":[{"embeddable":true,"href":"https:\/\/isslucia-crr.infd.edu.ar\/sitio\/wp-json\/wp\/v2\/comments?post=1159"}],"version-history":[{"count":14,"href":"https:\/\/isslucia-crr.infd.edu.ar\/sitio\/wp-json\/wp\/v2\/pages\/1159\/revisions"}],"predecessor-version":[{"id":1444,"href":"https:\/\/isslucia-crr.infd.edu.ar\/sitio\/wp-json\/wp\/v2\/pages\/1159\/revisions\/1444"}],"wp:attachment":[{"href":"https:\/\/isslucia-crr.infd.edu.ar\/sitio\/wp-json\/wp\/v2\/media?parent=1159"}],"curies":[{"name":"wp","href":"https:\/\/api.w.org\/{rel}","templated":true}]}}