{"id":1182,"date":"2022-11-14T21:05:45","date_gmt":"2022-11-15T00:05:45","guid":{"rendered":"https:\/\/isslucia-crr.infd.edu.ar\/sitio\/?page_id=1182"},"modified":"2025-09-25T22:12:40","modified_gmt":"2025-09-26T01:12:40","slug":"formacion-continua","status":"publish","type":"page","link":"https:\/\/isslucia-crr.infd.edu.ar\/sitio\/formacion-continua\/","title":{"rendered":"Formaci\u00f3n Continua"},"content":{"rendered":"\n<p><\/p>\n\n\n\n<p><strong>Estructura Acad\u00e9mica<\/strong><\/p>\n\n\n\n<p><strong>Plan Modular:<\/strong><\/p>\n\n\n\n<figure class=\"wp-block-table\"><table><tbody><tr><td colspan=\"8\">Campo de Formaci\u00f3n B\u00e1sica<\/td><\/tr><tr><td>M\u00f3dulo<\/td><td>Denominaci\u00f3n<\/td><td>Horas Presenciales<\/td><td>Horas Virtuales Sincr\u00f3nicas<\/td><td>Horas Virtuales Asincr\u00f3nica<\/td><td>Total Horas<\/td><\/tr><tr><td>1<\/td><td>Ense\u00f1anza y Aprendizaje en el Contexto Escolar Rural<\/td><td>0<\/td><td>3<\/td><td>46<\/td><td>49<\/td><\/tr><tr><td>2<\/td><td>Aplicaci\u00f3n de Recursos Educativos Digitales en el contexto rural<\/td><td>0<\/td><td>3<\/td><td>46<\/td><td>49<\/td><\/tr><tr><td>3<\/td><td>Articulaci\u00f3n entre el Nivel Inicial y Nivel Primario en las pr\u00e1cticas del lenguaje<\/td><td>0<\/td><td>3<\/td><td>46<\/td><td>49<\/td><\/tr><tr><td>9<\/td><td>Dise\u00f1o y Gesti\u00f3n de Emprendimientos Educativos<\/td><td>0<\/td><td>3<\/td><td>46<\/td><td>49<\/td><\/tr><tr><td>10<\/td><td>Abordaje de la educaci\u00f3n financiera a trav\u00e9s de la ense\u00f1anza basada en principios y valores cooperativos<\/td><td>0<\/td><td>3<\/td><td>46<\/td><td>49<\/td><\/tr><tr><td>11<\/td><td>Conectando con la Naturaleza y el Cuerpo Ense\u00f1anza de Educaci\u00f3n F\u00edsica en Escuelas Rurales<\/td><td>0<\/td><td>3<\/td><td>46<\/td><td>49<\/td><\/tr><tr><td colspan=\"8\">Campo de Formaci\u00f3n Espec\u00edfica<\/td><\/tr><tr><td>M\u00f3dulo<\/td><td>Denominaci\u00f3n<\/td><td>Horas Presenciales<\/td><td>Horas Virtuales Sincr\u00f3nicas<\/td><td>Horas Virtuales Asincr\u00f3nica<\/td><td>Total Horas<\/td><\/tr><tr><td>4<\/td><td>Fluidez y Comprensi\u00f3n Lectora en la Escuela Primaria Rural<\/td><td>0<\/td><td>3<\/td><td>46<\/td><td>49<\/td><\/tr><tr><td>5<\/td><td>Estrategias de ense\u00f1anza para el desarrollo de habilidades en la Resoluci\u00f3n de Problemas en Contextos Rurales<\/td><td>0<\/td><td>3<\/td><td>46<\/td><td>49<\/td><\/tr><tr><td>6<\/td><td>Estrategias de ense\u00f1anza y actividades de geometr\u00eda para la escuela rural<\/td><td>0<\/td><td>3<\/td><td>46<\/td><td>49<\/td><\/tr><tr><td>7<\/td><td>Experiencias de laboratorio en escuela rural<\/td><td>0<\/td><td>3<\/td><td>46<\/td><td>49<\/td><\/tr><tr><td>8<\/td><td>Estrategias de ense\u00f1anza efectivas para ense\u00f1ar Ciencias Sociales en el entorno rural<\/td><td>0<\/td><td>3<\/td><td>46<\/td><td>49<\/td><\/tr><tr><td colspan=\"8\">Trabajo Final<\/td><\/tr><tr><td>M\u00f3dulo<\/td><td>Denominaci\u00f3n<\/td><td>Horas Presenciales<\/td><td>Horas Virtuales Sincr\u00f3nicas<\/td><td>Horas Virtuales Asincr\u00f3nica<\/td><td>Total Horas<\/td><\/tr><tr><td>&#8211;<\/td><td>TIF: Trabajo Final Integrador<\/td><td>0<\/td><td>10<\/td><td>51<\/td><td>61<\/td><\/tr><\/tbody><\/table><\/figure>\n","protected":false},"excerpt":{"rendered":"<p>Estructura Acad\u00e9mica Plan Modular: Campo de Formaci\u00f3n B\u00e1sica M\u00f3dulo Denominaci\u00f3n Horas Presenciales Horas Virtuales Sincr\u00f3nicas Horas Virtuales Asincr\u00f3nica Total Horas 1 Ense\u00f1anza y Aprendizaje en el Contexto Escolar Rural 0 3 46 49 2 Aplicaci\u00f3n de Recursos Educativos Digitales en el contexto rural 0 3 46 49 3 Articulaci\u00f3n entre el Nivel Inicial y Nivel &#8230; <a title=\"Formaci\u00f3n Continua\" class=\"read-more\" href=\"https:\/\/isslucia-crr.infd.edu.ar\/sitio\/formacion-continua\/\" aria-label=\"More on Formaci\u00f3n Continua\">[+]<\/a><\/p>\n","protected":false},"author":12,"featured_media":0,"parent":0,"menu_order":0,"comment_status":"closed","ping_status":"closed","template":"","meta":[],"acf":[],"_links":{"self":[{"href":"https:\/\/isslucia-crr.infd.edu.ar\/sitio\/wp-json\/wp\/v2\/pages\/1182"}],"collection":[{"href":"https:\/\/isslucia-crr.infd.edu.ar\/sitio\/wp-json\/wp\/v2\/pages"}],"about":[{"href":"https:\/\/isslucia-crr.infd.edu.ar\/sitio\/wp-json\/wp\/v2\/types\/page"}],"author":[{"embeddable":true,"href":"https:\/\/isslucia-crr.infd.edu.ar\/sitio\/wp-json\/wp\/v2\/users\/12"}],"replies":[{"embeddable":true,"href":"https:\/\/isslucia-crr.infd.edu.ar\/sitio\/wp-json\/wp\/v2\/comments?post=1182"}],"version-history":[{"count":2,"href":"https:\/\/isslucia-crr.infd.edu.ar\/sitio\/wp-json\/wp\/v2\/pages\/1182\/revisions"}],"predecessor-version":[{"id":1389,"href":"https:\/\/isslucia-crr.infd.edu.ar\/sitio\/wp-json\/wp\/v2\/pages\/1182\/revisions\/1389"}],"wp:attachment":[{"href":"https:\/\/isslucia-crr.infd.edu.ar\/sitio\/wp-json\/wp\/v2\/media?parent=1182"}],"curies":[{"name":"wp","href":"https:\/\/api.w.org\/{rel}","templated":true}]}}