{"id":1272,"date":"2023-04-27T22:30:11","date_gmt":"2023-04-28T01:30:11","guid":{"rendered":"https:\/\/isslucia-crr.infd.edu.ar\/sitio\/?page_id=1272"},"modified":"2026-05-04T12:48:22","modified_gmt":"2026-05-04T15:48:22","slug":"inscripciones-ordinarias-y-extraordinarias","status":"publish","type":"page","link":"https:\/\/isslucia-crr.infd.edu.ar\/sitio\/inscripciones-ordinarias-y-extraordinarias\/","title":{"rendered":"Inscripciones Ordinarias y Extraordinarias"},"content":{"rendered":"\n<div class=\"wp-block-group alignfull has-black-color has-text-color has-background has-link-color wp-elements-d504a85848adaaab3ed6464114327bed is-layout-flow\" style=\"background-color:#d2cdc7\"><div class=\"wp-block-group__inner-container\">\n<h2 class=\"wp-block-heading has-text-align-center\">Inscripciones Online: del 04\/05 al 29\/05 <\/h2>\n\n\n\n<h2 class=\"wp-block-heading has-text-align-center\">Recepci\u00f3n de Documentaci\u00f3n: 04\/05 al 29\/05 de 19 a 21:30 hs. <\/h2>\n\n\n\n<div style=\"height:50px\" aria-hidden=\"true\" class=\"wp-block-spacer\"><\/div>\n\n\n\n<p><strong>Inscripci\u00f3n por primera vez en la Instituci\u00f3n:<\/strong><\/p>\n\n\n\n<p><strong>Documentaci\u00f3n:<\/strong><\/p>\n\n\n\n<ol type=\"1\">\n<li><a href=\"https:\/\/docs.google.com\/document\/d\/138SVqnNhdzTmRt_hpC1hTwOHPxK9OMo-\/edit?usp=sharing&amp;ouid=104468228319829344184&amp;rtpof=true&amp;sd=true\"><mark style=\"background-color:rgba(0, 0, 0, 0)\" class=\"has-inline-color has-accent-color\">\u00cdndice<\/mark><\/a>\n<ul>\n<li><\/li>\n<\/ul>\n<\/li>\n\n\n\n<li>Fotocopia de DNI<\/li>\n\n\n\n<li>Fotocopia&nbsp; de Partida de Nacimiento<\/li>\n\n\n\n<li>Fotocopia T\u00edtulo (Registrado en la Direcci\u00f3n Provincial de T\u00edtulo) o Constancia de T\u00edtulo en Tr\u00e1mite<\/li>\n\n\n\n<li>Situaci\u00f3n de Revista\/Constancia de Trabajo.<\/li>\n\n\n\n<li>Fotocopias de Posgrados y\/o Post\u00edtulos, a fin a la c\u00e1tedra.<\/li>\n\n\n\n<li>&nbsp;Fotocopias de Capacitaciones a fin a la c\u00e1tedra que se inscribe: Cursos, Jornadas, talleres entre otros. De los \u00faltimos 5 a\u00f1os.<\/li>\n<\/ol>\n\n\n\n<p><strong>Advertencia<\/strong><\/p>\n\n\n\n<p>Toda la documentaci\u00f3n debe estar certificada por escribano o Juez de Paz<\/p>\n\n\n\n<p>Toda la documentaci\u00f3n debe estar foliada en el orden indicado.<\/p>\n\n\n\n<p>Presentar la documentaci\u00f3n en una carpeta colgante<\/p>\n\n\n\n<p>Abstenerse a entregar documentaci\u00f3n repetida.<\/p>\n\n\n\n<hr class=\"wp-block-separator has-alpha-channel-opacity\"\/>\n\n\n\n<div class=\"wp-block-columns alignwide is-layout-flex wp-container-2\">\n<div class=\"wp-block-column is-layout-flow\">\n<p><strong>Inscripci\u00f3n para quienes se inscriben peri\u00f3dicamente en la Instituci\u00f3n<\/strong><\/p>\n\n\n\n<p><strong>Documentaci\u00f3n:<\/strong><\/p>\n\n\n\n<ol type=\"1\">\n<li>\u00cdndice<\/li>\n\n\n\n<li>Situaci\u00f3n de Revista\/Constancia de Trabajo.<\/li>\n\n\n\n<li>Fotocopias de Posgrados y\/o Post\u00edtulos, a fin a la c\u00e1tedra.<\/li>\n\n\n\n<li>&nbsp;Fotocopias de Capacitaciones a fin a la c\u00e1tedra que se inscribe: Cursos, Jornadas, talleres entre otros. De los \u00faltimos 5 a\u00f1os.<\/li>\n<\/ol>\n\n\n\n<p><strong>Advertencia<\/strong><\/p>\n\n\n\n<p>Toda la documentaci\u00f3n debe estar certificada por escribano o Juez de Paz<\/p>\n\n\n\n<p>Toda la documentaci\u00f3n debe estar foliada en el orden indicado.<\/p>\n\n\n\n<p><\/p>\n\n\n\n<p>Abstenerse a entregar documentaci\u00f3n repetida.<\/p>\n\n\n\n<p class=\"has-text-align-right\" style=\"font-size:25px\"><\/p>\n<\/div>\n<\/div>\n\n\n\n<div style=\"height:50px\" aria-hidden=\"true\" class=\"wp-block-spacer\"><\/div>\n<\/div><\/div>\n\n\n\n<p><\/p>\n","protected":false},"excerpt":{"rendered":"<p>Inscripciones Online: del 04\/05 al 29\/05 Recepci\u00f3n de Documentaci\u00f3n: 04\/05 al 29\/05 de 19 a 21:30 hs. Inscripci\u00f3n por primera vez en la Instituci\u00f3n: Documentaci\u00f3n: Advertencia Toda la documentaci\u00f3n debe estar certificada por escribano o Juez de Paz Toda la documentaci\u00f3n debe estar foliada en el orden indicado. Presentar la documentaci\u00f3n en una carpeta colgante &#8230; <a title=\"Inscripciones Ordinarias y Extraordinarias\" class=\"read-more\" href=\"https:\/\/isslucia-crr.infd.edu.ar\/sitio\/inscripciones-ordinarias-y-extraordinarias\/\" aria-label=\"More on Inscripciones Ordinarias y Extraordinarias\">[+]<\/a><\/p>\n","protected":false},"author":12,"featured_media":0,"parent":0,"menu_order":0,"comment_status":"closed","ping_status":"closed","template":"","meta":[],"acf":[],"_links":{"self":[{"href":"https:\/\/isslucia-crr.infd.edu.ar\/sitio\/wp-json\/wp\/v2\/pages\/1272"}],"collection":[{"href":"https:\/\/isslucia-crr.infd.edu.ar\/sitio\/wp-json\/wp\/v2\/pages"}],"about":[{"href":"https:\/\/isslucia-crr.infd.edu.ar\/sitio\/wp-json\/wp\/v2\/types\/page"}],"author":[{"embeddable":true,"href":"https:\/\/isslucia-crr.infd.edu.ar\/sitio\/wp-json\/wp\/v2\/users\/12"}],"replies":[{"embeddable":true,"href":"https:\/\/isslucia-crr.infd.edu.ar\/sitio\/wp-json\/wp\/v2\/comments?post=1272"}],"version-history":[{"count":8,"href":"https:\/\/isslucia-crr.infd.edu.ar\/sitio\/wp-json\/wp\/v2\/pages\/1272\/revisions"}],"predecessor-version":[{"id":1462,"href":"https:\/\/isslucia-crr.infd.edu.ar\/sitio\/wp-json\/wp\/v2\/pages\/1272\/revisions\/1462"}],"wp:attachment":[{"href":"https:\/\/isslucia-crr.infd.edu.ar\/sitio\/wp-json\/wp\/v2\/media?parent=1272"}],"curies":[{"name":"wp","href":"https:\/\/api.w.org\/{rel}","templated":true}]}}