{"id":318,"date":"2016-10-31T14:20:44","date_gmt":"2016-10-31T17:20:44","guid":{"rendered":"https:\/\/isslucia-crr.infd.edu.ar\/sitio\/?page_id=318"},"modified":"2025-09-25T22:17:25","modified_gmt":"2025-09-26T01:17:25","slug":"contacto","status":"publish","type":"page","link":"https:\/\/isslucia-crr.infd.edu.ar\/sitio\/institucional\/contacto\/","title":{"rendered":"Datos de Contacto"},"content":{"rendered":"<h2>Comun\u00edcate con Nosotros<\/h2>\n<p><iframe loading=\"lazy\" style=\"border: 0;\" src=\"https:\/\/www.google.com\/maps\/embed?pb=!1m18!1m12!1m3!1d3490.0869333558408!2d-59.100052059257656!3d-28.984794839583554!2m3!1f0!2f0!3f0!3m2!1i1024!2i768!4f13.1!3m3!1m2!1s0x0%3A0x9e594c7103d92339!2sEscuela+Normal+Dr.+Hip%C3%B3lito+Ernesto+Baibiene!5e0!3m2!1ses-419!2sar!4v1558651563481!5m2!1ses-419!2sar\" width=\"600\" height=\"450\" frameborder=\"0\" allowfullscreen=\"allowfullscreen\"><\/iframe><\/p>\n<p><\/p>\n<hr>\n\n\n<div class=\"wp-block-columns alignwide is-layout-flex wp-container-7\" style=\"margin-bottom:0\">\n<div class=\"wp-block-column has-text-color has-background has-link-color wp-elements-39305ff213e47baa873c7cdacda27fa7 is-layout-flow\" style=\"color:#000000;background-color:#c0ebf1;padding-top:2em;padding-right:2em;padding-bottom:2em;padding-left:2em\">\n<h2 class=\"wp-block-heading\" id=\"patron\" style=\"font-size:40px\"><strong>SEDE<\/strong><\/h2>\n\n\n\n<p class=\"has-normal-font-size\"><strong>Santa Luc\u00eda<\/strong><\/p>\n\n\n\n<hr class=\"wp-block-separator has-css-opacity is-style-wide\"\/>\n\n\n\n<ul class=\"has-normal-font-size\">\n<li>Direcci\u00f3n: Avenida Italia 212<\/li>\n\n\n\n<li>Correo: <strong>isslucia@hotmail.com<\/strong><\/li>\n\n\n\n<li>Horario: 19:00hs a  23:50hs.<\/li>\n\n\n\n<li>Facebook: <a href=\"https:\/\/web.facebook.com\/profile.php?id=100057352213758\" data-type=\"URL\" data-id=\"https:\/\/web.facebook.com\/profile.php?id=100057352213758\" target=\"_blank\" rel=\"noreferrer noopener\"><strong>ISSL<\/strong><\/a><\/li>\n<\/ul>\n\n\n\n<div class=\"wp-block-buttons alignfull is-horizontal is-content-justification-center is-layout-flex wp-container-1\"><\/div>\n<\/div>\n\n\n\n<div class=\"wp-block-column has-text-color has-background has-link-color wp-elements-0677bdac408f0a33b783c715848c14ae is-layout-flow\" style=\"color:#000000;background-color:#ffe97d;padding-top:2em;padding-right:2em;padding-bottom:2em;padding-left:2em\">\n<h2 class=\"wp-block-heading\" id=\"single\" style=\"font-size:40px\">Subsede Lavalle<\/h2>\n\n\n\n<p class=\"has-normal-font-size\" style=\"line-height:1.5\"><strong>Lavalle<\/strong><\/p>\n\n\n\n<hr class=\"wp-block-separator has-text-color has-css-opacity has-background is-style-wide\" style=\"background-color:#000000;color:#000000\"\/>\n\n\n\n<ul class=\"has-normal-font-size\">\n<li>Direcci\u00f3n: Martin Miguel de Guemes, Lavalle Corrientes.<\/li>\n\n\n\n<li>Celular: 3777410544<\/li>\n\n\n\n<li>Facebook: <a href=\"https:\/\/web.facebook.com\/subsede.lavalle\" data-type=\"URL\" data-id=\"https:\/\/web.facebook.com\/subsede.lavalle\" target=\"_blank\" rel=\"noreferrer noopener\"><strong>SubsLavalle<\/strong><\/a><\/li>\n\n\n\n<li>Horario de atenci\u00f3n: 18:50 a 23:10<\/li>\n<\/ul>\n\n\n\n<div class=\"wp-block-buttons alignfull is-horizontal is-content-justification-space-between is-layout-flex wp-container-3\"><\/div>\n<\/div>\n\n\n\n<div class=\"wp-block-column has-text-color has-background has-link-color wp-elements-e62cb27b2139e9143cfb5d028ce41631 is-layout-flow\" style=\"color:#000000;background-color:#d1d1e1;padding-top:2em;padding-right:2em;padding-bottom:2em;padding-left:2em\">\n<h2 class=\"wp-block-heading\" id=\"family\" style=\"font-size:40px\"><strong>Extensi\u00f3n \u00c1ulica Gobernador Mart\u00ednez<\/strong><\/h2>\n\n\n\n<p class=\"has-normal-font-size\" style=\"line-height:1.5\"><strong>Gobernador Martinez<\/strong><\/p>\n\n\n\n<hr class=\"wp-block-separator has-css-opacity is-style-wide\"\/>\n\n\n\n<ul class=\"has-normal-font-size\">\n<li>Direcci\u00f3n: Libertad entre 25 de Mayo y 9 de Julio<\/li>\n\n\n\n<li>Correo: Isslgobmartinez@gmail.com<\/li>\n\n\n\n<li>Horario de atenci\u00f3n: <\/li>\n<\/ul>\n\n\n\n<div class=\"wp-block-buttons alignfull is-horizontal is-content-justification-center is-layout-flex wp-container-5\"><\/div>\n<\/div>\n<\/div>\n","protected":false},"excerpt":{"rendered":"<p>Comun\u00edcate con Nosotros SEDE Santa Luc\u00eda Subsede Lavalle Lavalle Extensi\u00f3n \u00c1ulica Gobernador Mart\u00ednez Gobernador Martinez<\/p>\n","protected":false},"author":1,"featured_media":0,"parent":683,"menu_order":0,"comment_status":"closed","ping_status":"closed","template":"","meta":[],"acf":[],"_links":{"self":[{"href":"https:\/\/isslucia-crr.infd.edu.ar\/sitio\/wp-json\/wp\/v2\/pages\/318"}],"collection":[{"href":"https:\/\/isslucia-crr.infd.edu.ar\/sitio\/wp-json\/wp\/v2\/pages"}],"about":[{"href":"https:\/\/isslucia-crr.infd.edu.ar\/sitio\/wp-json\/wp\/v2\/types\/page"}],"author":[{"embeddable":true,"href":"https:\/\/isslucia-crr.infd.edu.ar\/sitio\/wp-json\/wp\/v2\/users\/1"}],"replies":[{"embeddable":true,"href":"https:\/\/isslucia-crr.infd.edu.ar\/sitio\/wp-json\/wp\/v2\/comments?post=318"}],"version-history":[{"count":46,"href":"https:\/\/isslucia-crr.infd.edu.ar\/sitio\/wp-json\/wp\/v2\/pages\/318\/revisions"}],"predecessor-version":[{"id":1392,"href":"https:\/\/isslucia-crr.infd.edu.ar\/sitio\/wp-json\/wp\/v2\/pages\/318\/revisions\/1392"}],"up":[{"embeddable":true,"href":"https:\/\/isslucia-crr.infd.edu.ar\/sitio\/wp-json\/wp\/v2\/pages\/683"}],"wp:attachment":[{"href":"https:\/\/isslucia-crr.infd.edu.ar\/sitio\/wp-json\/wp\/v2\/media?parent=318"}],"curies":[{"name":"wp","href":"https:\/\/api.w.org\/{rel}","templated":true}]}}