{"id":644,"date":"2018-06-18T14:12:35","date_gmt":"2018-06-18T17:12:35","guid":{"rendered":"https:\/\/isslucia-crr.infd.edu.ar\/sitio\/?page_id=644"},"modified":"2025-10-01T19:09:03","modified_gmt":"2025-10-01T22:09:03","slug":"catalogo","status":"publish","type":"page","link":"https:\/\/isslucia-crr.infd.edu.ar\/sitio\/catalogo\/","title":{"rendered":"Carreras"},"content":{"rendered":"<h2 style=\"text-align: center;\">&nbsp;<\/h2>\n\n\n<style>\n.boton3d {\n  display: inline-block;\n  padding: 12px 25px;\n  margin: 8px;\n  font-weight: bold;\n  text-decoration: none;\n  border-radius: 8px;\n  color: #fff;\n  background: #28a745; \/* verde *\/\n  transition: all 0.2s ease-in-out;\n  box-shadow: 0 5px 0 rgba(0,0,0,0.3);\n}\n\n.boton3d:hover {\n  transform: translateY(-3px);\n  box-shadow: 0 8px 0 rgba(0,0,0,0.3);\n}\n\n.boton3d:active {\n  transform: translateY(5px) scale(0.95);\n  box-shadow: 0 2px 0 rgba(0,0,0,0.3);\n  border-radius: 50px; \/* cambia de forma al hacer click *\/\n}\n<\/style>\n\n<div style=\"text-align: center; margin: 20px 0;\">\n\n  <a href=\"https:\/\/isslucia-crr.infd.edu.ar\/sitio\/sede\/\" class=\"boton3d\">SEDE: Santa Luc\u00eda<\/a>\n  <a href=\"https:\/\/isslucia-crr.infd.edu.ar\/sitio\/subsede\/\" class=\"boton3d\">SUBSEDE: Lavalle<\/a>\n  <a href=\"https:\/\/isslucia-crr.infd.edu.ar\/sitio\/extension-aulica-gob-martinez\/\" class=\"boton3d\">Extensi\u00f3n A\u00falica: Gob. Martinez<\/a>\n  <a href=\"https:\/\/isslucia-crr.infd.edu.ar\/sitio\/subsede-cecilio-echevarria\/\" class=\"boton3d\">Extensi\u00f3n A\u00falica: Cecilio Echevarr\u00eda<\/a>\n  <a href=\"https:\/\/isslucia-crr.infd.edu.ar\/sitio\/subsede-cruz-de-los-milagros-2\/\" class=\"boton3d\">Extensi\u00f3n A\u00falica: Cruz de los Milagros<\/a>\n\n<\/div>\n","protected":false},"excerpt":{"rendered":"<p>&nbsp; SEDE: Santa Luc\u00eda SUBSEDE: Lavalle Extensi\u00f3n A\u00falica: Gob. Martinez Extensi\u00f3n A\u00falica: Cecilio Echevarr\u00eda Extensi\u00f3n A\u00falica: Cruz de los Milagros<\/p>\n","protected":false},"author":1,"featured_media":0,"parent":0,"menu_order":0,"comment_status":"closed","ping_status":"closed","template":"","meta":[],"acf":[],"_links":{"self":[{"href":"https:\/\/isslucia-crr.infd.edu.ar\/sitio\/wp-json\/wp\/v2\/pages\/644"}],"collection":[{"href":"https:\/\/isslucia-crr.infd.edu.ar\/sitio\/wp-json\/wp\/v2\/pages"}],"about":[{"href":"https:\/\/isslucia-crr.infd.edu.ar\/sitio\/wp-json\/wp\/v2\/types\/page"}],"author":[{"embeddable":true,"href":"https:\/\/isslucia-crr.infd.edu.ar\/sitio\/wp-json\/wp\/v2\/users\/1"}],"replies":[{"embeddable":true,"href":"https:\/\/isslucia-crr.infd.edu.ar\/sitio\/wp-json\/wp\/v2\/comments?post=644"}],"version-history":[{"count":27,"href":"https:\/\/isslucia-crr.infd.edu.ar\/sitio\/wp-json\/wp\/v2\/pages\/644\/revisions"}],"predecessor-version":[{"id":1426,"href":"https:\/\/isslucia-crr.infd.edu.ar\/sitio\/wp-json\/wp\/v2\/pages\/644\/revisions\/1426"}],"wp:attachment":[{"href":"https:\/\/isslucia-crr.infd.edu.ar\/sitio\/wp-json\/wp\/v2\/media?parent=644"}],"curies":[{"name":"wp","href":"https:\/\/api.w.org\/{rel}","templated":true}]}}