{"id":734,"date":"2018-07-26T10:49:22","date_gmt":"2018-07-26T13:49:22","guid":{"rendered":"https:\/\/isslucia-crr.infd.edu.ar\/sitio\/?page_id=734"},"modified":"2019-05-23T20:43:06","modified_gmt":"2019-05-23T23:43:06","slug":"plan-de-estudio","status":"publish","type":"page","link":"https:\/\/isslucia-crr.infd.edu.ar\/sitio\/catalogo\/plan-de-estudio\/","title":{"rendered":"Plan de estudio"},"content":{"rendered":"<h1 style=\"text-align: center;\">Plan de estudios<\/h1>\n<p style=\"text-align: center;\"><img decoding=\"async\" loading=\"lazy\" class=\" wp-image-866\" src=\"https:\/\/isslucia-crr.infd.edu.ar\/sitio\/wp-content\/uploads\/2019\/05\/Inicial-1-1000x579.jpg\" alt=\"\" width=\"596\" height=\"345\" srcset=\"https:\/\/isslucia-crr.infd.edu.ar\/sitio\/wp-content\/uploads\/2019\/05\/Inicial-1-1000x579.jpg 1000w, https:\/\/isslucia-crr.infd.edu.ar\/sitio\/wp-content\/uploads\/2019\/05\/Inicial-1-768x445.jpg 768w, https:\/\/isslucia-crr.infd.edu.ar\/sitio\/wp-content\/uploads\/2019\/05\/Inicial-1.jpg 1779w\" sizes=\"(max-width: 596px) 100vw, 596px\" \/><\/p>\n<p style=\"text-align: center;\"><img decoding=\"async\" loading=\"lazy\" class=\" wp-image-867\" src=\"https:\/\/isslucia-crr.infd.edu.ar\/sitio\/wp-content\/uploads\/2019\/05\/inicial-2-1000x641.jpg\" alt=\"\" width=\"599\" height=\"383\" srcset=\"https:\/\/isslucia-crr.infd.edu.ar\/sitio\/wp-content\/uploads\/2019\/05\/inicial-2-1000x641.jpg 1000w, https:\/\/isslucia-crr.infd.edu.ar\/sitio\/wp-content\/uploads\/2019\/05\/inicial-2-768x492.jpg 768w, https:\/\/isslucia-crr.infd.edu.ar\/sitio\/wp-content\/uploads\/2019\/05\/inicial-2.jpg 1779w\" sizes=\"(max-width: 599px) 100vw, 599px\" \/><\/p>\n<p style=\"text-align: center;\"><img decoding=\"async\" loading=\"lazy\" class=\" wp-image-868\" src=\"https:\/\/isslucia-crr.infd.edu.ar\/sitio\/wp-content\/uploads\/2019\/05\/inicial-3-1000x776.jpg\" alt=\"\" width=\"599\" height=\"465\" srcset=\"https:\/\/isslucia-crr.infd.edu.ar\/sitio\/wp-content\/uploads\/2019\/05\/inicial-3-1000x776.jpg 1000w, https:\/\/isslucia-crr.infd.edu.ar\/sitio\/wp-content\/uploads\/2019\/05\/inicial-3-768x596.jpg 768w, https:\/\/isslucia-crr.infd.edu.ar\/sitio\/wp-content\/uploads\/2019\/05\/inicial-3.jpg 1843w\" sizes=\"(max-width: 599px) 100vw, 599px\" \/><\/p>\n<p style=\"text-align: center;\"><img decoding=\"async\" loading=\"lazy\" class=\" wp-image-869\" src=\"https:\/\/isslucia-crr.infd.edu.ar\/sitio\/wp-content\/uploads\/2019\/05\/inicial-4-1000x551.jpg\" alt=\"\" width=\"604\" height=\"333\" srcset=\"https:\/\/isslucia-crr.infd.edu.ar\/sitio\/wp-content\/uploads\/2019\/05\/inicial-4-1000x551.jpg 1000w, https:\/\/isslucia-crr.infd.edu.ar\/sitio\/wp-content\/uploads\/2019\/05\/inicial-4-768x423.jpg 768w, https:\/\/isslucia-crr.infd.edu.ar\/sitio\/wp-content\/uploads\/2019\/05\/inicial-4.jpg 1843w\" sizes=\"(max-width: 604px) 100vw, 604px\" \/><\/p>\n<h1 style=\"text-align: left;\">Perfil del egresado<\/h1>\n<p style=\"text-align: left;\">El egresado del Profesorado de Educaci\u00f3n Inicial podr\u00e1 ejercer el rol docente en todas las<br \/>\ninstituciones educativas de Nivel Inicial del Sistema Educativo Formal y No Formal, en<br \/>\ntodas sus formas de organizaci\u00f3n y denominaci\u00f3n, en el \u00e1mbito estatal y privado, en todo<br \/>\nel territorio de la Rep\u00fablica Argentina. El Nivel Inicial abarca: Jard\u00edn Maternal (45 d\u00edas \u2013 2<br \/>\na\u00f1os) y Jard\u00edn de Infantes (3 a\u00f1os- 5 a\u00f1os).<\/p>\n<p>&nbsp;<\/p>\n","protected":false},"excerpt":{"rendered":"<p>Plan de estudios Perfil del egresado El egresado del Profesorado de Educaci\u00f3n Inicial podr\u00e1 ejercer el rol docente en todas las instituciones educativas de Nivel Inicial del Sistema Educativo Formal y No Formal, en todas sus formas de organizaci\u00f3n y denominaci\u00f3n, en el \u00e1mbito estatal y privado, en todo el territorio de la Rep\u00fablica Argentina. &#8230; <a title=\"Plan de estudio\" class=\"read-more\" href=\"https:\/\/isslucia-crr.infd.edu.ar\/sitio\/catalogo\/plan-de-estudio\/\" aria-label=\"More on Plan de estudio\">[+]<\/a><\/p>\n","protected":false},"author":6,"featured_media":0,"parent":644,"menu_order":0,"comment_status":"closed","ping_status":"closed","template":"","meta":[],"acf":[],"_links":{"self":[{"href":"https:\/\/isslucia-crr.infd.edu.ar\/sitio\/wp-json\/wp\/v2\/pages\/734"}],"collection":[{"href":"https:\/\/isslucia-crr.infd.edu.ar\/sitio\/wp-json\/wp\/v2\/pages"}],"about":[{"href":"https:\/\/isslucia-crr.infd.edu.ar\/sitio\/wp-json\/wp\/v2\/types\/page"}],"author":[{"embeddable":true,"href":"https:\/\/isslucia-crr.infd.edu.ar\/sitio\/wp-json\/wp\/v2\/users\/6"}],"replies":[{"embeddable":true,"href":"https:\/\/isslucia-crr.infd.edu.ar\/sitio\/wp-json\/wp\/v2\/comments?post=734"}],"version-history":[{"count":11,"href":"https:\/\/isslucia-crr.infd.edu.ar\/sitio\/wp-json\/wp\/v2\/pages\/734\/revisions"}],"predecessor-version":[{"id":872,"href":"https:\/\/isslucia-crr.infd.edu.ar\/sitio\/wp-json\/wp\/v2\/pages\/734\/revisions\/872"}],"up":[{"embeddable":true,"href":"https:\/\/isslucia-crr.infd.edu.ar\/sitio\/wp-json\/wp\/v2\/pages\/644"}],"wp:attachment":[{"href":"https:\/\/isslucia-crr.infd.edu.ar\/sitio\/wp-json\/wp\/v2\/media?parent=734"}],"curies":[{"name":"wp","href":"https:\/\/api.w.org\/{rel}","templated":true}]}}