{"id":925,"date":"2019-06-05T20:21:09","date_gmt":"2019-06-05T23:21:09","guid":{"rendered":"https:\/\/isslucia-crr.infd.edu.ar\/sitio\/?page_id=925"},"modified":"2019-06-05T20:22:03","modified_gmt":"2019-06-05T23:22:03","slug":"apoyo-pedagogico-a-escuelas","status":"publish","type":"page","link":"https:\/\/isslucia-crr.infd.edu.ar\/sitio\/apoyo-pedagogico-a-escuelas\/","title":{"rendered":"APOYO PEDAG\u00d3GICO A ESCUELAS"},"content":{"rendered":"<h4>Estudiantes del Profesorado en Cs. de la Administraci\u00f3n brindaron un taller de APOYO PEDAG\u00d3GICO a colegios secundarios asociados que tienen la orientaci\u00f3n Econom\u00eda y Administraci\u00f3n.<br \/>\nLa propuesta estaba centrada en desarrollar la cultura emprendedora y en proporcionar herramientas para armar un plan de negocios. La misma se desarroll\u00f3 en un clima din\u00e1mico e interactivo.<\/h4>\n<p><img decoding=\"async\" loading=\"lazy\" class=\"alignnone wp-image-926\" src=\"https:\/\/isslucia-crr.infd.edu.ar\/sitio\/wp-content\/uploads\/2019\/06\/61626326_1064510997076142_9048553003753144320_n.jpg\" alt=\"\" width=\"381\" height=\"286\" srcset=\"https:\/\/isslucia-crr.infd.edu.ar\/sitio\/wp-content\/uploads\/2019\/06\/61626326_1064510997076142_9048553003753144320_n.jpg 960w, https:\/\/isslucia-crr.infd.edu.ar\/sitio\/wp-content\/uploads\/2019\/06\/61626326_1064510997076142_9048553003753144320_n-768x576.jpg 768w\" sizes=\"(max-width: 381px) 100vw, 381px\" \/> <img decoding=\"async\" loading=\"lazy\" class=\"alignnone wp-image-927\" src=\"https:\/\/isslucia-crr.infd.edu.ar\/sitio\/wp-content\/uploads\/2019\/06\/61674101_1064511043742804_2214358479232040960_n.jpg\" alt=\"\" width=\"380\" height=\"285\" srcset=\"https:\/\/isslucia-crr.infd.edu.ar\/sitio\/wp-content\/uploads\/2019\/06\/61674101_1064511043742804_2214358479232040960_n.jpg 960w, https:\/\/isslucia-crr.infd.edu.ar\/sitio\/wp-content\/uploads\/2019\/06\/61674101_1064511043742804_2214358479232040960_n-768x576.jpg 768w\" sizes=\"(max-width: 380px) 100vw, 380px\" \/> <img decoding=\"async\" loading=\"lazy\" class=\"alignnone wp-image-928\" src=\"https:\/\/isslucia-crr.infd.edu.ar\/sitio\/wp-content\/uploads\/2019\/06\/61831959_1064510590409516_4331147877163204608_n.jpg\" alt=\"\" width=\"381\" height=\"286\" srcset=\"https:\/\/isslucia-crr.infd.edu.ar\/sitio\/wp-content\/uploads\/2019\/06\/61831959_1064510590409516_4331147877163204608_n.jpg 960w, https:\/\/isslucia-crr.infd.edu.ar\/sitio\/wp-content\/uploads\/2019\/06\/61831959_1064510590409516_4331147877163204608_n-768x576.jpg 768w\" sizes=\"(max-width: 381px) 100vw, 381px\" \/> <img decoding=\"async\" loading=\"lazy\" class=\"alignnone wp-image-929\" src=\"https:\/\/isslucia-crr.infd.edu.ar\/sitio\/wp-content\/uploads\/2019\/06\/61847195_1064510913742817_3133057644613337088_n.jpg\" alt=\"\" width=\"383\" height=\"287\" srcset=\"https:\/\/isslucia-crr.infd.edu.ar\/sitio\/wp-content\/uploads\/2019\/06\/61847195_1064510913742817_3133057644613337088_n.jpg 960w, https:\/\/isslucia-crr.infd.edu.ar\/sitio\/wp-content\/uploads\/2019\/06\/61847195_1064510913742817_3133057644613337088_n-768x576.jpg 768w\" sizes=\"(max-width: 383px) 100vw, 383px\" \/> <img decoding=\"async\" loading=\"lazy\" class=\"alignnone wp-image-930\" src=\"https:\/\/isslucia-crr.infd.edu.ar\/sitio\/wp-content\/uploads\/2019\/06\/61914094_1064510857076156_4633331588447338496_n.jpg\" alt=\"\" width=\"383\" height=\"287\" srcset=\"https:\/\/isslucia-crr.infd.edu.ar\/sitio\/wp-content\/uploads\/2019\/06\/61914094_1064510857076156_4633331588447338496_n.jpg 960w, https:\/\/isslucia-crr.infd.edu.ar\/sitio\/wp-content\/uploads\/2019\/06\/61914094_1064510857076156_4633331588447338496_n-768x576.jpg 768w\" sizes=\"(max-width: 383px) 100vw, 383px\" \/> <img decoding=\"async\" loading=\"lazy\" class=\"alignnone wp-image-931\" src=\"https:\/\/isslucia-crr.infd.edu.ar\/sitio\/wp-content\/uploads\/2019\/06\/61987444_1064510773742831_6178134627924836352_n.jpg\" alt=\"\" width=\"383\" height=\"287\" srcset=\"https:\/\/isslucia-crr.infd.edu.ar\/sitio\/wp-content\/uploads\/2019\/06\/61987444_1064510773742831_6178134627924836352_n.jpg 960w, https:\/\/isslucia-crr.infd.edu.ar\/sitio\/wp-content\/uploads\/2019\/06\/61987444_1064510773742831_6178134627924836352_n-768x576.jpg 768w\" sizes=\"(max-width: 383px) 100vw, 383px\" \/> <img decoding=\"async\" loading=\"lazy\" class=\"alignnone wp-image-932\" src=\"https:\/\/isslucia-crr.infd.edu.ar\/sitio\/wp-content\/uploads\/2019\/06\/61998685_1064510697076172_2845558482348802048_n.jpg\" alt=\"\" width=\"383\" height=\"287\" srcset=\"https:\/\/isslucia-crr.infd.edu.ar\/sitio\/wp-content\/uploads\/2019\/06\/61998685_1064510697076172_2845558482348802048_n.jpg 960w, https:\/\/isslucia-crr.infd.edu.ar\/sitio\/wp-content\/uploads\/2019\/06\/61998685_1064510697076172_2845558482348802048_n-768x576.jpg 768w\" sizes=\"(max-width: 383px) 100vw, 383px\" \/> \u00a0<img decoding=\"async\" loading=\"lazy\" class=\"alignnone wp-image-934\" src=\"https:\/\/isslucia-crr.infd.edu.ar\/sitio\/wp-content\/uploads\/2019\/06\/62144875_1064510643742844_3582669617320951808_n.jpg\" alt=\"\" width=\"382\" height=\"287\" srcset=\"https:\/\/isslucia-crr.infd.edu.ar\/sitio\/wp-content\/uploads\/2019\/06\/62144875_1064510643742844_3582669617320951808_n.jpg 960w, https:\/\/isslucia-crr.infd.edu.ar\/sitio\/wp-content\/uploads\/2019\/06\/62144875_1064510643742844_3582669617320951808_n-768x576.jpg 768w\" sizes=\"(max-width: 382px) 100vw, 382px\" \/><\/p>\n","protected":false},"excerpt":{"rendered":"<p>Estudiantes del Profesorado en Cs. de la Administraci\u00f3n brindaron un taller de APOYO PEDAG\u00d3GICO a colegios secundarios asociados que tienen la orientaci\u00f3n Econom\u00eda y Administraci\u00f3n. La propuesta estaba centrada en desarrollar la cultura emprendedora y en proporcionar herramientas para armar un plan de negocios. La misma se desarroll\u00f3 en un clima din\u00e1mico e interactivo. \u00a0<\/p>\n","protected":false},"author":12,"featured_media":0,"parent":0,"menu_order":0,"comment_status":"closed","ping_status":"closed","template":"","meta":[],"acf":[],"_links":{"self":[{"href":"https:\/\/isslucia-crr.infd.edu.ar\/sitio\/wp-json\/wp\/v2\/pages\/925"}],"collection":[{"href":"https:\/\/isslucia-crr.infd.edu.ar\/sitio\/wp-json\/wp\/v2\/pages"}],"about":[{"href":"https:\/\/isslucia-crr.infd.edu.ar\/sitio\/wp-json\/wp\/v2\/types\/page"}],"author":[{"embeddable":true,"href":"https:\/\/isslucia-crr.infd.edu.ar\/sitio\/wp-json\/wp\/v2\/users\/12"}],"replies":[{"embeddable":true,"href":"https:\/\/isslucia-crr.infd.edu.ar\/sitio\/wp-json\/wp\/v2\/comments?post=925"}],"version-history":[{"count":1,"href":"https:\/\/isslucia-crr.infd.edu.ar\/sitio\/wp-json\/wp\/v2\/pages\/925\/revisions"}],"predecessor-version":[{"id":935,"href":"https:\/\/isslucia-crr.infd.edu.ar\/sitio\/wp-json\/wp\/v2\/pages\/925\/revisions\/935"}],"wp:attachment":[{"href":"https:\/\/isslucia-crr.infd.edu.ar\/sitio\/wp-json\/wp\/v2\/media?parent=925"}],"curies":[{"name":"wp","href":"https:\/\/api.w.org\/{rel}","templated":true}]}}